{"id":4057,"date":"2020-04-22T17:14:51","date_gmt":"2020-04-22T20:14:51","guid":{"rendered":"https:\/\/camtra.org.br\/?page_id=4057"},"modified":"2020-04-22T17:14:51","modified_gmt":"2020-04-22T20:14:51","slug":"camtra-covid-19","status":"publish","type":"page","link":"https:\/\/novo2023.camtra.org.br\/index.php\/camtra-covid-19\/","title":{"rendered":"CAMTRA COVID-19"},"content":{"rendered":"<div id=\"fb-root\"><\/div>\n<p>[vc_row][vc_column][vc_column_text]<\/p>\n<h2>Solidariedade e Resist\u00eancia\u00a0em tempo de pandemia!<\/h2>\n<p>[\/vc_column_text][vc_empty_space height=&#8221;20px&#8221;][\/vc_column][\/vc_row][vc_row][vc_column width=&#8221;7\/12&#8243;][vc_column_text]Sabemos que a pandemia do novo coronav\u00edrus (Covid-19, SARS-CoV-2) afetou a rotina, o trabalho e a sa\u00fade f\u00edsica e\/ou psicol\u00f3gica de todas e todos n\u00f3s. Por\u00e9m, para as trabalhadoras ambulantes que vivem do com\u00e9rcio externo, as informais ou que n\u00e3o possuem seguridade de renda, para as mulheres em situa\u00e7\u00e3o de s\u00f3ciovulnerabilidade ou as que vivenciam um relacionamento abusivo e neste momento est\u00e3o em isolamento social junto de seus agressores, a situa\u00e7\u00e3o \u00e9 muito, muito pior.<\/p>\n<p>Dada a urg\u00eancia dessas demandas, a Casa da Mulher Trabalhadora &#8211; CAMTRA, t\u00eam atuado junto \u00e0 outras organiza\u00e7\u00f5es e coletivas de mulheres de diversas regi\u00f5es do Rio de Janeiro no Grupo de Trabalho \u201cCOVID-CAMTRA\u201d, um canal online via WhatsApp para dissemina\u00e7\u00e3o e troca de informa\u00e7\u00f5es e conte\u00fado sobre o v\u00edrus, sobre sa\u00fade, trabalho e direitos.\u00a0Tamb\u00e9m est\u00e3o sendo planejadas e realizadas medidas e a\u00e7\u00f5es de apoio a essas trabalhadoras, como arrecada\u00e7\u00e3o e distribui\u00e7\u00e3o de alimentos e itens de higiene. O objetivo \u00e9 que por meio de uma articula\u00e7\u00e3o em uma rede potente de apoio e solidariedade, possamos mitigar os impactos negativos da pandemia e isolamento social, entre eles, a fome, a viol\u00eancia dom\u00e9stica e o aprofundamento da pobreza e mis\u00e9ria.<\/p>\n<p>Al\u00e9m disso, a CAMTRA segue dialogando com as nossas companheiras e seguidoras em todas nossas redes sociais, e tamb\u00e9m nos grupos de mulheres j\u00e1 existentes em nossa rede de apoio (Mulheres e Direitos, Mulheres com a Camtra, Trabalhadoras da Uruguaiana e Saara e Mulheres Jovens).Caso voc\u00ea queira ser inclu\u00edda em nossa rede de contatos e\/ou precisa de ajuda procure orienta\u00e7\u00e3o no <a href=\"https:\/\/camtra.org.br\/defenda-se\/\">DEFENDA-SE<\/a> ou nos mande uma mensagem no e-mail: <a href=\"mailto:camtra@camtra.org.br\">camtra@camtra.org.br<\/a>, ainda nas nossas redes: <a href=\"https:\/\/facebook.com\/Camtra.cmt\">facebook.com\/Camtra.cmt<\/a>, <a href=\"https:\/\/instagram.com\/Camtra.cmt\">instagram.com\/Camtra.cmt<\/a> e <a href=\"https:\/\/twitter.com\/Camtra\">twitter.com\/Camtra<\/a>.<\/p>\n<p><strong>Juntas somos mais fortes!<\/strong>[\/vc_column_text][vc_empty_space][vc_basic_grid post_type=&#8221;post&#8221; max_items=&#8221;5&#8243; element_width=&#8221;12&#8243; item=&#8221;4308&#8243; grid_id=&#8221;vc_gid:1631216820321-dde016d4-9164-1&#8243; taxonomies=&#8221;119&#8243; el_id=&#8221;covid-grid&#8221;][\/vc_column][vc_column width=&#8221;5\/12&#8243; el_id=&#8221;sidebar2-cpvid&#8221; css=&#8221;.vc_custom_1588740115516{padding-top: 15px !important;}&#8221;][vc_column_text]<\/p>\n<div style=\"width: 640px;\" class=\"wp-video\"><!--[if lt IE 9]><script>document.createElement('video');<\/script><![endif]-->\n<video class=\"wp-video-shortcode\" id=\"video-4057-1\" width=\"640\" height=\"352\" preload=\"metadata\" controls=\"controls\"><source type=\"video\/mp4\" src=\"https:\/\/novo2023.camtra.org.br\/wp-content\/uploads\/2020\/05\/WhatsApp-Video-2020-05-01-at-11.15.34.mp4?_=1\" \/><a href=\"https:\/\/novo2023.camtra.org.br\/wp-content\/uploads\/2020\/05\/WhatsApp-Video-2020-05-01-at-11.15.34.mp4\">https:\/\/novo2023.camtra.org.br\/wp-content\/uploads\/2020\/05\/WhatsApp-Video-2020-05-01-at-11.15.34.mp4<\/a><\/video><\/div>\n<p>[\/vc_column_text][vc_gallery type=&#8221;nivo&#8221; interval=&#8221;3&#8243; images=&#8221;6708,6709,6710,6711,6712,6713,6714,6715,6716,4246,4251,4249,4247,4250,4252,4248&#8243; img_size=&#8221;full&#8221;][vc_basic_grid post_type=&#8221;post&#8221; max_items=&#8221;-1&#8243; element_width=&#8221;12&#8243; item=&#8221;4203&#8243; grid_id=&#8221;vc_gid:1631216820323-68ef0f6d-ff80-6&#8243; taxonomies=&#8221;119&#8243;][\/vc_column][\/vc_row]<\/p>\n","protected":false},"excerpt":{"rendered":"<p>[vc_row][vc_column][vc_column_text] Solidariedade e Resist\u00eancia\u00a0em tempo de pandemia! [\/vc_column_text][vc_empty_space height=&#8221;20px&#8221;][\/vc_column][\/vc_row][vc_row][vc_column width=&#8221;7\/12&#8243;][vc_column_text]Sabemos que a pandemia do novo coronav\u00edrus (Covid-19, SARS-CoV-2) afetou a rotina, o trabalho e a sa\u00fade f\u00edsica e\/ou psicol\u00f3gica de [&hellip;]<\/p>\n","protected":false},"author":3,"featured_media":0,"parent":0,"menu_order":0,"comment_status":"closed","ping_status":"closed","template":"","meta":{"om_disable_all_campaigns":false,"_monsterinsights_skip_tracking":false,"_monsterinsights_sitenote_active":false,"_monsterinsights_sitenote_note":"","_monsterinsights_sitenote_category":0,"_uf_show_specific_survey":0,"_uf_disable_surveys":false,"ocean_post_layout":"","ocean_both_sidebars_style":"","ocean_both_sidebars_content_width":0,"ocean_both_sidebars_sidebars_width":0,"ocean_sidebar":"","ocean_second_sidebar":"","ocean_disable_margins":"enable","ocean_add_body_class":"","ocean_shortcode_before_top_bar":"","ocean_shortcode_after_top_bar":"","ocean_shortcode_before_header":"","ocean_shortcode_after_header":"","ocean_has_shortcode":"","ocean_shortcode_after_title":"","ocean_shortcode_before_footer_widgets":"","ocean_shortcode_after_footer_widgets":"","ocean_shortcode_before_footer_bottom":"","ocean_shortcode_after_footer_bottom":"","ocean_display_top_bar":"default","ocean_display_header":"default","ocean_header_style":"","ocean_center_header_left_menu":"","ocean_custom_header_template":"","ocean_custom_logo":0,"ocean_custom_retina_logo":0,"ocean_custom_logo_max_width":0,"ocean_custom_logo_tablet_max_width":0,"ocean_custom_logo_mobile_max_width":0,"ocean_custom_logo_max_height":0,"ocean_custom_logo_tablet_max_height":0,"ocean_custom_logo_mobile_max_height":0,"ocean_header_custom_menu":"","ocean_menu_typo_font_family":"","ocean_menu_typo_font_subset":"","ocean_menu_typo_font_size":0,"ocean_menu_typo_font_size_tablet":0,"ocean_menu_typo_font_size_mobile":0,"ocean_menu_typo_font_size_unit":"px","ocean_menu_typo_font_weight":"","ocean_menu_typo_font_weight_tablet":"","ocean_menu_typo_font_weight_mobile":"","ocean_menu_typo_transform":"","ocean_menu_typo_transform_tablet":"","ocean_menu_typo_transform_mobile":"","ocean_menu_typo_line_height":0,"ocean_menu_typo_line_height_tablet":0,"ocean_menu_typo_line_height_mobile":0,"ocean_menu_typo_line_height_unit":"","ocean_menu_typo_spacing":0,"ocean_menu_typo_spacing_tablet":0,"ocean_menu_typo_spacing_mobile":0,"ocean_menu_typo_spacing_unit":"","ocean_menu_link_color":"","ocean_menu_link_color_hover":"","ocean_menu_link_color_active":"","ocean_menu_link_background":"","ocean_menu_link_hover_background":"","ocean_menu_link_active_background":"","ocean_menu_social_links_bg":"","ocean_menu_social_hover_links_bg":"","ocean_menu_social_links_color":"","ocean_menu_social_hover_links_color":"","ocean_disable_title":"default","ocean_disable_heading":"default","ocean_post_title":"","ocean_post_subheading":"","ocean_post_title_style":"","ocean_post_title_background_color":"","ocean_post_title_background":0,"ocean_post_title_bg_image_position":"","ocean_post_title_bg_image_attachment":"","ocean_post_title_bg_image_repeat":"","ocean_post_title_bg_image_size":"","ocean_post_title_height":0,"ocean_post_title_bg_overlay":0.5,"ocean_post_title_bg_overlay_color":"","ocean_disable_breadcrumbs":"default","ocean_breadcrumbs_color":"","ocean_breadcrumbs_separator_color":"","ocean_breadcrumbs_links_color":"","ocean_breadcrumbs_links_hover_color":"","ocean_display_footer_widgets":"default","ocean_display_footer_bottom":"default","ocean_custom_footer_template":"","footnotes":""},"class_list":["post-4057","page","type-page","status-publish","hentry","entry"],"aioseo_notices":[],"yoast_head":"<!-- This site is optimized with the Yoast SEO plugin v23.0 - https:\/\/yoast.com\/wordpress\/plugins\/seo\/ -->\n<title>CAMTRA COVID-19 - CAMTRA NOVO<\/title>\n<meta name=\"robots\" content=\"index, follow, max-snippet:-1, max-image-preview:large, max-video-preview:-1\" \/>\n<link rel=\"canonical\" href=\"https:\/\/novo2023.camtra.org.br\/index.php\/camtra-covid-19\/\" \/>\n<meta property=\"og:locale\" content=\"pt_BR\" \/>\n<meta property=\"og:type\" content=\"article\" \/>\n<meta property=\"og:title\" content=\"CAMTRA COVID-19 - CAMTRA NOVO\" \/>\n<meta property=\"og:description\" content=\"[vc_row][vc_column][vc_column_text] Solidariedade e Resist\u00eancia\u00a0em tempo de pandemia! [\/vc_column_text][vc_empty_space height=&#8221;20px&#8221;][\/vc_column][\/vc_row][vc_row][vc_column width=&#8221;7\/12&#8243;][vc_column_text]Sabemos que a pandemia do novo coronav\u00edrus (Covid-19, SARS-CoV-2) afetou a rotina, o trabalho e a sa\u00fade f\u00edsica e\/ou psicol\u00f3gica de [&hellip;]\" \/>\n<meta property=\"og:url\" content=\"https:\/\/novo2023.camtra.org.br\/index.php\/camtra-covid-19\/\" \/>\n<meta property=\"og:site_name\" content=\"CAMTRA NOVO\" \/>\n<meta name=\"twitter:card\" content=\"summary_large_image\" \/>\n<meta name=\"twitter:label1\" content=\"Est. tempo de leitura\" \/>\n\t<meta name=\"twitter:data1\" content=\"2 minutos\" \/>\n<script type=\"application\/ld+json\" class=\"yoast-schema-graph\">{\"@context\":\"https:\/\/schema.org\",\"@graph\":[{\"@type\":\"WebPage\",\"@id\":\"https:\/\/novo2023.camtra.org.br\/index.php\/camtra-covid-19\/\",\"url\":\"https:\/\/novo2023.camtra.org.br\/index.php\/camtra-covid-19\/\",\"name\":\"CAMTRA COVID-19 - CAMTRA NOVO\",\"isPartOf\":{\"@id\":\"https:\/\/novo2023.camtra.org.br\/#website\"},\"datePublished\":\"2020-04-22T20:14:51+00:00\",\"dateModified\":\"2020-04-22T20:14:51+00:00\",\"breadcrumb\":{\"@id\":\"https:\/\/novo2023.camtra.org.br\/index.php\/camtra-covid-19\/#breadcrumb\"},\"inLanguage\":\"pt-BR\",\"potentialAction\":[{\"@type\":\"ReadAction\",\"target\":[\"https:\/\/novo2023.camtra.org.br\/index.php\/camtra-covid-19\/\"]}]},{\"@type\":\"BreadcrumbList\",\"@id\":\"https:\/\/novo2023.camtra.org.br\/index.php\/camtra-covid-19\/#breadcrumb\",\"itemListElement\":[{\"@type\":\"ListItem\",\"position\":1,\"name\":\"Home\",\"item\":\"https:\/\/novo2023.camtra.org.br\/\"},{\"@type\":\"ListItem\",\"position\":2,\"name\":\"CAMTRA COVID-19\"}]},{\"@type\":\"WebSite\",\"@id\":\"https:\/\/novo2023.camtra.org.br\/#website\",\"url\":\"https:\/\/novo2023.camtra.org.br\/\",\"name\":\"CAMTRA NOVO\",\"description\":\"\",\"publisher\":{\"@id\":\"https:\/\/novo2023.camtra.org.br\/#organization\"},\"potentialAction\":[{\"@type\":\"SearchAction\",\"target\":{\"@type\":\"EntryPoint\",\"urlTemplate\":\"https:\/\/novo2023.camtra.org.br\/?s={search_term_string}\"},\"query-input\":\"required name=search_term_string\"}],\"inLanguage\":\"pt-BR\"},{\"@type\":\"Organization\",\"@id\":\"https:\/\/novo2023.camtra.org.br\/#organization\",\"name\":\"CAMTRA NOVO\",\"url\":\"https:\/\/novo2023.camtra.org.br\/\",\"logo\":{\"@type\":\"ImageObject\",\"inLanguage\":\"pt-BR\",\"@id\":\"https:\/\/novo2023.camtra.org.br\/#\/schema\/logo\/image\/\",\"url\":\"https:\/\/novo2023.camtra.org.br\/wp-content\/uploads\/2024\/01\/CAMTRA-comflor-roxa-logo_logo-camtra-principal-flor.png\",\"contentUrl\":\"https:\/\/novo2023.camtra.org.br\/wp-content\/uploads\/2024\/01\/CAMTRA-comflor-roxa-logo_logo-camtra-principal-flor.png\",\"width\":1172,\"height\":330,\"caption\":\"CAMTRA NOVO\"},\"image\":{\"@id\":\"https:\/\/novo2023.camtra.org.br\/#\/schema\/logo\/image\/\"}}]}<\/script>\n<!-- \/ Yoast SEO plugin. -->","yoast_head_json":{"title":"CAMTRA COVID-19 - CAMTRA NOVO","robots":{"index":"index","follow":"follow","max-snippet":"max-snippet:-1","max-image-preview":"max-image-preview:large","max-video-preview":"max-video-preview:-1"},"canonical":"https:\/\/novo2023.camtra.org.br\/index.php\/camtra-covid-19\/","og_locale":"pt_BR","og_type":"article","og_title":"CAMTRA COVID-19 - CAMTRA NOVO","og_description":"[vc_row][vc_column][vc_column_text] Solidariedade e Resist\u00eancia\u00a0em tempo de pandemia! [\/vc_column_text][vc_empty_space height=&#8221;20px&#8221;][\/vc_column][\/vc_row][vc_row][vc_column width=&#8221;7\/12&#8243;][vc_column_text]Sabemos que a pandemia do novo coronav\u00edrus (Covid-19, SARS-CoV-2) afetou a rotina, o trabalho e a sa\u00fade f\u00edsica e\/ou psicol\u00f3gica de [&hellip;]","og_url":"https:\/\/novo2023.camtra.org.br\/index.php\/camtra-covid-19\/","og_site_name":"CAMTRA NOVO","twitter_card":"summary_large_image","twitter_misc":{"Est. tempo de leitura":"2 minutos"},"schema":{"@context":"https:\/\/schema.org","@graph":[{"@type":"WebPage","@id":"https:\/\/novo2023.camtra.org.br\/index.php\/camtra-covid-19\/","url":"https:\/\/novo2023.camtra.org.br\/index.php\/camtra-covid-19\/","name":"CAMTRA COVID-19 - CAMTRA NOVO","isPartOf":{"@id":"https:\/\/novo2023.camtra.org.br\/#website"},"datePublished":"2020-04-22T20:14:51+00:00","dateModified":"2020-04-22T20:14:51+00:00","breadcrumb":{"@id":"https:\/\/novo2023.camtra.org.br\/index.php\/camtra-covid-19\/#breadcrumb"},"inLanguage":"pt-BR","potentialAction":[{"@type":"ReadAction","target":["https:\/\/novo2023.camtra.org.br\/index.php\/camtra-covid-19\/"]}]},{"@type":"BreadcrumbList","@id":"https:\/\/novo2023.camtra.org.br\/index.php\/camtra-covid-19\/#breadcrumb","itemListElement":[{"@type":"ListItem","position":1,"name":"Home","item":"https:\/\/novo2023.camtra.org.br\/"},{"@type":"ListItem","position":2,"name":"CAMTRA COVID-19"}]},{"@type":"WebSite","@id":"https:\/\/novo2023.camtra.org.br\/#website","url":"https:\/\/novo2023.camtra.org.br\/","name":"CAMTRA NOVO","description":"","publisher":{"@id":"https:\/\/novo2023.camtra.org.br\/#organization"},"potentialAction":[{"@type":"SearchAction","target":{"@type":"EntryPoint","urlTemplate":"https:\/\/novo2023.camtra.org.br\/?s={search_term_string}"},"query-input":"required name=search_term_string"}],"inLanguage":"pt-BR"},{"@type":"Organization","@id":"https:\/\/novo2023.camtra.org.br\/#organization","name":"CAMTRA NOVO","url":"https:\/\/novo2023.camtra.org.br\/","logo":{"@type":"ImageObject","inLanguage":"pt-BR","@id":"https:\/\/novo2023.camtra.org.br\/#\/schema\/logo\/image\/","url":"https:\/\/novo2023.camtra.org.br\/wp-content\/uploads\/2024\/01\/CAMTRA-comflor-roxa-logo_logo-camtra-principal-flor.png","contentUrl":"https:\/\/novo2023.camtra.org.br\/wp-content\/uploads\/2024\/01\/CAMTRA-comflor-roxa-logo_logo-camtra-principal-flor.png","width":1172,"height":330,"caption":"CAMTRA NOVO"},"image":{"@id":"https:\/\/novo2023.camtra.org.br\/#\/schema\/logo\/image\/"}}]}},"_links":{"self":[{"href":"https:\/\/novo2023.camtra.org.br\/index.php\/wp-json\/wp\/v2\/pages\/4057"}],"collection":[{"href":"https:\/\/novo2023.camtra.org.br\/index.php\/wp-json\/wp\/v2\/pages"}],"about":[{"href":"https:\/\/novo2023.camtra.org.br\/index.php\/wp-json\/wp\/v2\/types\/page"}],"author":[{"embeddable":true,"href":"https:\/\/novo2023.camtra.org.br\/index.php\/wp-json\/wp\/v2\/users\/3"}],"replies":[{"embeddable":true,"href":"https:\/\/novo2023.camtra.org.br\/index.php\/wp-json\/wp\/v2\/comments?post=4057"}],"version-history":[{"count":0,"href":"https:\/\/novo2023.camtra.org.br\/index.php\/wp-json\/wp\/v2\/pages\/4057\/revisions"}],"wp:attachment":[{"href":"https:\/\/novo2023.camtra.org.br\/index.php\/wp-json\/wp\/v2\/media?parent=4057"}],"curies":[{"name":"wp","href":"https:\/\/api.w.org\/{rel}","templated":true}]}}